{"id":51,"date":"2017-10-25T18:51:21","date_gmt":"2017-10-25T18:51:21","guid":{"rendered":"http:\/\/tuomasrenvall.com\/?page_id=51"},"modified":"2023-01-04T15:03:25","modified_gmt":"2023-01-04T15:03:25","slug":"biografia","status":"publish","type":"page","link":"http:\/\/tuomasrenvall.com\/?page_id=51","title":{"rendered":"Biografia"},"content":{"rendered":"<p><strong>K\u00e4\u00e4nn\u00f6sty\u00f6t<\/strong><\/p>\n<table width=\"580\">\n<tbody>\n<tr>\n<td width=\"245\"><a href=\"http:\/\/www.risingshadow.fi\/library\/book\/5391-kapina\">Jean Rabe \u2013 Kapina, Kustannus Jalava 2008<\/a><\/td>\n<td width=\"227\">ISBN 9789518873986<\/td>\n<\/tr>\n<tr>\n<td width=\"245\"><a href=\"http:\/\/www.risingshadow.fi\/library\/book\/5754-salamatkustaja\" target=\"_blank\" rel=\"noopener noreferrer\">R. A. Salvatore \u2013 Salamatkustaja, Jalava 2009<\/a><\/td>\n<td width=\"227\">ISBN 9789518874150<\/td>\n<\/tr>\n<tr>\n<td width=\"245\"><a href=\"http:\/\/www.risingshadow.fi\/library\/book\/6037-varjonaamio\" target=\"_blank\" rel=\"noopener noreferrer\">R. A. Salvatore \u2013 Varjonaamio, Jalava 2010<\/a><\/td>\n<td width=\"227\">ISBN 9789518874280<\/td>\n<\/tr>\n<tr>\n<td width=\"245\"><a href=\"http:\/\/kauppa.tietosanoma.fi\/epages\/tietosanoma.sf\/fi_FI\/?ObjectPath=\/Shops\/Tietosanoma\/Products\/9789518874273\" target=\"_blank\" rel=\"noopener noreferrer\">Richard Lee Byers \u2013 Salaliitto, Jalava 2010<\/a><\/td>\n<td width=\"227\">ISBN 9789518874273<\/td>\n<\/tr>\n<tr>\n<td width=\"245\"><a href=\"http:\/\/www.risingshadow.fi\/library\/book\/6386-vartijat\" target=\"_blank\" rel=\"noopener noreferrer\">R. A. Salvatore \u2013 Vartijat, Jalava 2011<\/a><\/td>\n<td width=\"227\">ISBN 9789518874501<\/td>\n<\/tr>\n<tr>\n<td width=\"245\"><a href=\"http:\/\/www.minervakustannus.fi\/kirjat\/kirja.php?kirja=1157\" target=\"_blank\" rel=\"noopener noreferrer\">Karin Sturm \u2013 Sebastian Vettel, Minerva Kustannus 2015<\/a><\/td>\n<td width=\"227\">ISBN 9789523121393<\/td>\n<\/tr>\n<tr>\n<td width=\"245\"><a href=\"http:\/\/www.minervakustannus.fi\/kirjat\/kirja.php?kirja=1285\" target=\"_blank\" rel=\"noopener noreferrer\">Luca Caioli \u2013 Messi vai Ronaldo, Minerva Kustannus 2016<\/a><\/td>\n<td width=\"227\">&nbsp;ISBN&nbsp;9789523123236<\/td>\n<\/tr>\n<tr>\n<td width=\"245\"><a href=\"http:\/\/www.minervakustannus.fi\/kirjat\/kirja.php?kirja=1290\" target=\"_blank\" rel=\"noopener noreferrer\">Tuff Juice<br \/>\nKatujen kasvatista NBA-t\u00e4hdeksi, Minerva Kustannus 2016<\/a><\/td>\n<td width=\"227\">&nbsp;ISBN&nbsp;9789523123632<\/td>\n<\/tr>\n<tr>\n<td width=\"245\"><a href=\"http:\/\/www.minervakustannus.fi\/kirjat\/kirja.php?kirja=1428\" target=\"_blank\" rel=\"noopener noreferrer\">Julien Wolff \u2013 Jos\u00e9 Mourinho Omassa lajissaan \u2013 Huippuvalmentajan henkil\u00f6kuva, Minerva 2018<\/a><\/td>\n<td width=\"227\">&nbsp;ISBN 9789523126053<\/td>\n<\/tr>\n<tr>\n<td width=\"245\"><a href=\"http:\/\/www.minervakustannus.fi\/kirjat\/kirja.php?kirja=1467\" target=\"_blank\" rel=\"noopener noreferrer\">Leonard Nilsson \u2013 Jalkapallon seuravaakunat, Minerva 2018<\/a><\/td>\n<td width=\"227\">&nbsp;ISBN 9789523126916<\/td>\n<\/tr>\n<tr>\n<td width=\"245\"><a href=\"http:\/\/www.minervakustannus.fi\/kirjat\/kirja.php?kirja=1516\" target=\"_blank\" rel=\"noopener noreferrer\">Kai Psotta \u2013 Ilmi\u00f6 nimelt\u00e4 Real Madrid, Minerva 2019<\/a><\/td>\n<td width=\"227\">&nbsp;ISBN 9789523128392<\/td>\n<\/tr>\n<tr>\n<td width=\"245\"><a href=\"http:\/\/www.minervakustannus.fi\/kirjat\/kirja.php?kirja=1531\" target=\"_blank\" rel=\"noopener noreferrer\">Nicholas Einhorn \u2013 Taikurin parhaat korttitemput, Minerva 2019<\/a><\/td>\n<td width=\"227\">&nbsp;ISBN 9789523128132<\/td>\n<\/tr>\n<tr>\n<td width=\"245\"><a href=\"https:\/\/like.fi\/kirjat\/tytto-joka-loytyi\/\" target=\"_blank\" rel=\"noopener noreferrer\">Maike Wetzel \u2013 Tytt\u00f6 joka l\u00f6ytyi, Like Kustannus 2019<\/a><\/td>\n<td width=\"227\">\u00a0ISBN 9789520119003<\/td>\n<\/tr>\n<tr>\n<td width=\"245\"><a href=\"https:\/\/like.fi\/?s=Kaikenlaista+kemiaa\" target=\"_blank\" rel=\"noopener noreferrer\">Mai Thi Nguyen-Kim \u2013 Kaikenlaista kemiaa, Like Kustannus 2020<\/a><\/td>\n<td width=\"227\">\u00a0ISBN 9789511355267<\/td>\n<\/tr>\n<tr>\n<td width=\"245\"><a href=\"https:\/\/www.minervakustannus.fi\/kirjat\/kirja.php?kirja=1648\" target=\"_blank\" rel=\"noopener noreferrer\">Godie Howe \u2013 Omael\u00e4m\u00e4kerta, Minerva 2020<\/a><\/td>\n<td width=\"227\">\u00a0ISBN 9789523750715<\/td>\n<\/tr>\n<tr>\n<td width=\"245\"><a href=\"https:\/\/www.minervakustannus.fi\/kirjat\/kirja.php?kirja=1692\" target=\"_blank\" rel=\"noopener noreferrer\">Rudy Pevenage \u2013 Totuus ammattipy\u00f6r\u00e4ilyst\u00e4 ja dopingista, Minerva 2021<\/a><\/td>\n<td width=\"227\">\u00a0ISBN 9789523752238<\/td>\n<\/tr>\n<tr>\n<td width=\"245\"><a href=\"https:\/\/aulakustannus.fi\/kirjat\/valo-pimeydessa-mustat-aukot-maailmankaikkeus-ja-me\" target=\"_blank\" rel=\"noopener noreferrer\">Heino Falcke \u2013 Valo pimeydess\u00e4 \u2013 Mustat aukot, maailmankaikkeus ja me, Aula &#038; Co 2021<\/a><\/td>\n<td width=\"227\">\u00a0ISBN 9789523641716<\/td>\n<\/tr>\n<tr>\n<td width=\"245\"><a href=\"https:\/\/aulakustannus.fi\/kirjat\/kapinallinen-ja-varas\" target=\"_blank\" rel=\"noopener noreferrer\">Jan-Philipp Sendker \u2013 Kapinallinen ja varas, Aula &#038; Co, 2022<\/a><\/td>\n<td width=\"227\">\u00a0ISBN 9789523642539<\/td>\n<\/tr>\n<tr>\n<td width=\"245\"><a href=\"https:\/\/otava.kauppakv.fi\/sivu\/tuote\/mustesydan\/4353732\" target=\"_blank\" rel=\"noopener noreferrer\">Cornelia Funke \u2013 Mustesyd\u00e4n, Otava 2022<\/a><\/td>\n<td width=\"227\">\u00a0ISBN 9789511413059<\/td>\n<\/tr>\n<tr>\n<td width=\"245\"><a href=\"https:\/\/otava.kauppakv.fi\/sivu\/tuote\/musteloitsu\/4780405\" target=\"_blank\" rel=\"noopener noreferrer\">Cornelia Funke \u2013 Musteloitsu, Otava 2022<\/a><\/td>\n<td width=\"227\">\u00a0ISBN 9789511413059<\/td>\n<\/tr>\n<\/tbody>\n<\/table>\n","protected":false},"excerpt":{"rendered":"<p>K\u00e4\u00e4nn\u00f6sty\u00f6t Jean Rabe \u2013 Kapina, Kustannus Jalava 2008 ISBN 9789518873986 R. A. Salvatore \u2013 Salamatkustaja, Jalava 2009 ISBN 9789518874150 R. A. Salvatore \u2013 Varjonaamio, Jalava 2010 ISBN 9789518874280 Richard Lee Byers \u2013 Salaliitto, Jalava 2010 ISBN 9789518874273 R. A. Salvatore \u2013 Vartijat, Jalava 2011 ISBN 9789518874501 Karin Sturm \u2013 Sebastian Vettel, Minerva Kustannus 2015 ISBN &hellip; <\/p>\n<p class=\"link-more\"><a href=\"http:\/\/tuomasrenvall.com\/?page_id=51\" class=\"more-link\">Jatka lukemista<span class=\"screen-reader-text\"> &#8221;Biografia&#8221;<\/span><\/a><\/p>\n","protected":false},"author":1,"featured_media":0,"parent":0,"menu_order":0,"comment_status":"closed","ping_status":"closed","template":"","meta":{"footnotes":""},"class_list":["post-51","page","type-page","status-publish","hentry"],"_links":{"self":[{"href":"http:\/\/tuomasrenvall.com\/index.php?rest_route=\/wp\/v2\/pages\/51","targetHints":{"allow":["GET"]}}],"collection":[{"href":"http:\/\/tuomasrenvall.com\/index.php?rest_route=\/wp\/v2\/pages"}],"about":[{"href":"http:\/\/tuomasrenvall.com\/index.php?rest_route=\/wp\/v2\/types\/page"}],"author":[{"embeddable":true,"href":"http:\/\/tuomasrenvall.com\/index.php?rest_route=\/wp\/v2\/users\/1"}],"replies":[{"embeddable":true,"href":"http:\/\/tuomasrenvall.com\/index.php?rest_route=%2Fwp%2Fv2%2Fcomments&post=51"}],"version-history":[{"count":8,"href":"http:\/\/tuomasrenvall.com\/index.php?rest_route=\/wp\/v2\/pages\/51\/revisions"}],"predecessor-version":[{"id":100,"href":"http:\/\/tuomasrenvall.com\/index.php?rest_route=\/wp\/v2\/pages\/51\/revisions\/100"}],"wp:attachment":[{"href":"http:\/\/tuomasrenvall.com\/index.php?rest_route=%2Fwp%2Fv2%2Fmedia&parent=51"}],"curies":[{"name":"wp","href":"https:\/\/api.w.org\/{rel}","templated":true}]}}