{"id":78,"date":"2020-04-22T07:08:03","date_gmt":"2020-04-22T07:08:03","guid":{"rendered":"http:\/\/tuomasrenvall.com\/?page_id=78"},"modified":"2021-01-29T10:15:00","modified_gmt":"2021-01-29T10:15:00","slug":"cv_english","status":"publish","type":"page","link":"http:\/\/tuomasrenvall.com\/?page_id=78","title":{"rendered":"CV_English"},"content":{"rendered":"<p>Curriculum Vitae<\/p>\n<p>Name: Matti Tuomas Renvall<br \/>\nStreet Address: Majavatie 9 B 24<br \/>\nZip Code(FIN), City: 00800 Helsinki<br \/>\nTelephone: +358 44 2637211<br \/>\nE-mail: tuomas (a) tuomasrenvall.fi<\/p>\n<p style=\"text-align: left;\">I am a 33-year old freelance translator, editor and proofreader situated in Helsinki, Finland. I began my career in the aforementioned fields in 2008, and have been actively working in them ever since. As regards translation work, my primary focus has been on fiction and science. However, I have also translated non-fiction publications, subtitles and manuals. I am capable of carrying out projects that require a significant investment of time, as I am always fully committed to the projects I am working on. As a freelancer, I find excellence in the quality of my work to be as important to myself as a professional, as it is for my clients.<\/p>\n<p style=\"text-align: left;\">Work Experience and Academic Qualifications<\/p>\n<p style=\"text-align: left;\">Academic Qualifications: I have Master&#8217;s degree in German Philology with Political Studies as a minor. During my studies, my primary academic focus was on German cultural history, as well as on German literature.<\/p>\n<p style=\"text-align: left;\">As a Freelance translator and Editor: From 2008 onwards, I have translated, edited or summarized several fiction novels for the Jalava, Like and Arthouse publishing companies, as well as non-fiction novels for Minerva Publishing Ltd. As a result of said translation and editing projects I have become familiar with the work- and business operation of several different publishers, and have thus been able to accommodate the wishes of said publishers to a full extent. During these eleven years I have honed my Finnish to an impeccable degree, and have widened my professional language capabilities to include four different languages. (cf. translation work)<\/p>\n<p style=\"text-align: left;\">In addition I have since 2016 completed a range of project oriented translation of over 1 000 000 words in German, English, Swedish and French to companies such as MG&amp;Partner, TransPerfect, EasyTranslate, Wordminds, Solten Group.<\/p>\n<p style=\"text-align: left;\">As the Secretary of the Finnish-Austrian Friendship Association: In 2014 I acted as the hired(\/professional) secretary of the Finnish-Austrian Friendship Association, which allowed myself an opportunity to further develop my co-operational skills in an international working environment. The position\u2019s duties were focused primarily on communications and scheduling.<\/p>\n<p style=\"text-align: left;\">Other Relevant Work Experience:<br \/>\n2016 \u2013 Project oriented translation and editing on Netflix, Amazon and movie-related subtitles<br \/>\n2010 \u2013 Elections official in charge and vote teller in the Helsinki Municipal Election Central Committee during Parliament-, Municipal- and Presidential elections.<br \/>\n2015 \u2013Freelance linguistic work related to University research, including proofreading and transcription of research interviews.<br \/>\n2008-2015 Active voluntary work in the Student\u2019s Association of the University of Helsinki as a representative of Umlaut, the student union of students of German Philology, as well as work in other related positions. (cf. official posts)<\/p>\n<p style=\"text-align: left;\">Language Skills: Finnish, German, English, Swedish, French<br \/>\nTranslation Work<\/p>\n<table width=\"679\">\n<tbody>\n<tr>\n<td width=\"245\"><a href=\"http:\/\/www.risingshadow.fi\/library\/book\/5391-kapina\">Jean Rabe \u2013 Kapina, Kustannus Jalava 2008<\/a><\/td>\n<td width=\"227\">ISBN 9789518873986<\/td>\n<\/tr>\n<tr>\n<td width=\"245\"><a href=\"http:\/\/www.risingshadow.fi\/library\/book\/5754-salamatkustaja\" target=\"_blank\" rel=\"noopener noreferrer\">R. A. Salvatore \u2013 Salamatkustaja, Jalava 2009<\/a><\/td>\n<td width=\"227\">ISBN 9789518874150<\/td>\n<\/tr>\n<tr>\n<td width=\"245\"><a href=\"http:\/\/www.risingshadow.fi\/library\/book\/6037-varjonaamio\" target=\"_blank\" rel=\"noopener noreferrer\">R. A. Salvatore \u2013 Varjonaamio, Jalava 2010<\/a><\/td>\n<td width=\"227\">ISBN 9789518874280<\/td>\n<\/tr>\n<tr>\n<td width=\"245\"><a href=\"http:\/\/kauppa.tietosanoma.fi\/epages\/tietosanoma.sf\/fi_FI\/?ObjectPath=\/Shops\/Tietosanoma\/Products\/9789518874273\" target=\"_blank\" rel=\"noopener noreferrer\">Richard Lee Byers \u2013 Salaliitto, Jalava 2010<\/a><\/td>\n<td width=\"227\">ISBN 9789518874273<\/td>\n<\/tr>\n<tr>\n<td width=\"245\"><a href=\"http:\/\/www.risingshadow.fi\/library\/book\/6386-vartijat\" target=\"_blank\" rel=\"noopener noreferrer\">R. A. Salvatore \u2013 Vartijat, Jalava 2011<\/a><\/td>\n<td width=\"227\">ISBN 9789518874501<\/td>\n<\/tr>\n<tr>\n<td width=\"245\"><a href=\"http:\/\/www.minervakustannus.fi\/kirjat\/kirja.php?kirja=1157\" target=\"_blank\" rel=\"noopener noreferrer\">Karin Sturm \u2013 Sebastian Vettel, Minerva Kustannus 2015<\/a><\/td>\n<td width=\"227\">ISBN 9789523121393<\/td>\n<\/tr>\n<tr>\n<td width=\"245\"><a href=\"http:\/\/www.minervakustannus.fi\/kirjat\/kirja.php?kirja=1285\" target=\"_blank\" rel=\"noopener noreferrer\">Luca Caioli \u2013 Messi vai Ronaldo, Minerva Kustannus 2016<\/a><\/td>\n<td width=\"227\">\u00a0ISBN\u00a09789523123236<\/td>\n<\/tr>\n<tr>\n<td width=\"245\"><a href=\"http:\/\/www.minervakustannus.fi\/kirjat\/kirja.php?kirja=1290\" target=\"_blank\" rel=\"noopener noreferrer\">Tuff Juice<br \/>\nKatujen kasvatista NBA-t\u00e4hdeksi, Minerva Kustannus 2016<\/a><\/td>\n<td width=\"227\">\u00a0ISBN\u00a09789523123632<\/td>\n<\/tr>\n<tr>\n<td width=\"245\"><a href=\"http:\/\/www.minervakustannus.fi\/kirjat\/kirja.php?kirja=1428\" target=\"_blank\" rel=\"noopener noreferrer\">Julien Wolff \u2013 Jos\u00e9 Mourinho Omassa lajissaan \u2013 Huippuvalmentajan henkil\u00f6kuva, Minerva 2018<\/a><\/td>\n<td width=\"227\">\u00a0ISBN 9789523126053<\/td>\n<\/tr>\n<tr>\n<td width=\"245\"><a href=\"http:\/\/www.minervakustannus.fi\/kirjat\/kirja.php?kirja=1467\" target=\"_blank\" rel=\"noopener noreferrer\">Leonard Nilsson \u2013 Jalkapallon seuravaakunat, Minerva 2018<\/a><\/td>\n<td width=\"227\">\u00a0ISBN 9789523126916<\/td>\n<\/tr>\n<tr>\n<td width=\"245\"><a href=\"http:\/\/www.minervakustannus.fi\/kirjat\/kirja.php?kirja=1516\" target=\"_blank\" rel=\"noopener noreferrer\">Kai Psotta \u2013 Ilmi\u00f6 nimelt\u00e4 Real Madrid, Minerva 2019<\/a><\/td>\n<td width=\"227\">\u00a0ISBN 9789523128392<\/td>\n<\/tr>\n<tr>\n<td width=\"245\"><a href=\"http:\/\/www.minervakustannus.fi\/kirjat\/kirja.php?kirja=1531\" target=\"_blank\" rel=\"noopener noreferrer\">Nicholas Einhorn \u2013 Taikurin parhaat korttitemput, Minerva 2019<\/a><\/td>\n<td width=\"227\">\u00a0ISBN 9789523128132<\/td>\n<\/tr>\n<tr>\n<td width=\"245\"><a href=\"https:\/\/like.fi\/kirjat\/tytto-joka-loytyi\/\" target=\"_blank\" rel=\"noopener noreferrer\">Maike Wetzel \u2013 Tytt\u00f6 joka l\u00f6ytyi, Like Kustannus 2019<\/a><\/td>\n<td width=\"227\">\u00a0ISBN 9789520119003<\/td>\n<\/tr>\n<tr>\n<td width=\"245\"><a href=\"https:\/\/like.fi\/?s=Kaikenlaista+kemiaa\" target=\"_blank\" rel=\"noopener noreferrer\">Mai Thi Nguyen-Kim \u2013 Kaikenlaista kemiaa, Like Kustannus 2020<\/a><\/td>\n<td width=\"227\">\u00a0ISBN 9789511355267<\/td>\n<\/tr>\n<tr>\n<td width=\"245\"><a href=\"https:\/\/www.minervakustannus.fi\/kirjat\/kirja.php?kirja=1648\" target=\"_blank\" rel=\"noopener noreferrer\">Godie Howe \u2013 Omael\u00e4m\u00e4kerta, Minerva 2020<\/a><\/td>\n<td width=\"227\">\u00a0ISBN 9789523750715<\/td>\n<\/tr>\n<tr>\n<td width=\"245\"><a href=\"https:\/\/www.minervakustannus.fi\/kirjat\/kirja.php?kirja=1692\" target=\"_blank\" rel=\"noopener noreferrer\">Rudy Pevenage \u2013 Totuus ammattipy\u00f6r\u00e4ilyst\u00e4 ja dopingista, Minerva 2021<\/a><\/td>\n<td width=\"227\">\u00a0ISBN 9789523752238<\/td>\n<\/tr>\n<\/tbody>\n<\/table>\n","protected":false},"excerpt":{"rendered":"<p>Curriculum Vitae Name: Matti Tuomas Renvall Street Address: Majavatie 9 B 24 Zip Code(FIN), City: 00800 Helsinki Telephone: +358 44 2637211 E-mail: tuomas (a) tuomasrenvall.fi I am a 33-year old freelance translator, editor and proofreader situated in Helsinki, Finland. I began my career in the aforementioned fields in 2008, and have been actively working in &hellip; <\/p>\n<p class=\"link-more\"><a href=\"http:\/\/tuomasrenvall.com\/?page_id=78\" class=\"more-link\">Jatka lukemista<span class=\"screen-reader-text\"> &#8221;CV_English&#8221;<\/span><\/a><\/p>\n","protected":false},"author":1,"featured_media":0,"parent":0,"menu_order":0,"comment_status":"closed","ping_status":"closed","template":"","meta":{"footnotes":""},"class_list":["post-78","page","type-page","status-publish","hentry"],"_links":{"self":[{"href":"http:\/\/tuomasrenvall.com\/index.php?rest_route=\/wp\/v2\/pages\/78","targetHints":{"allow":["GET"]}}],"collection":[{"href":"http:\/\/tuomasrenvall.com\/index.php?rest_route=\/wp\/v2\/pages"}],"about":[{"href":"http:\/\/tuomasrenvall.com\/index.php?rest_route=\/wp\/v2\/types\/page"}],"author":[{"embeddable":true,"href":"http:\/\/tuomasrenvall.com\/index.php?rest_route=\/wp\/v2\/users\/1"}],"replies":[{"embeddable":true,"href":"http:\/\/tuomasrenvall.com\/index.php?rest_route=%2Fwp%2Fv2%2Fcomments&post=78"}],"version-history":[{"count":5,"href":"http:\/\/tuomasrenvall.com\/index.php?rest_route=\/wp\/v2\/pages\/78\/revisions"}],"predecessor-version":[{"id":90,"href":"http:\/\/tuomasrenvall.com\/index.php?rest_route=\/wp\/v2\/pages\/78\/revisions\/90"}],"wp:attachment":[{"href":"http:\/\/tuomasrenvall.com\/index.php?rest_route=%2Fwp%2Fv2%2Fmedia&parent=78"}],"curies":[{"name":"wp","href":"https:\/\/api.w.org\/{rel}","templated":true}]}}